{"id":257,"date":"2022-03-16T16:42:55","date_gmt":"2022-03-16T15:42:55","guid":{"rendered":"https:\/\/location-plouharnel.fr\/?page_id=257"},"modified":"2022-03-18T11:37:58","modified_gmt":"2022-03-18T10:37:58","slug":"257-2","status":"publish","type":"page","link":"https:\/\/location-plouharnel.fr\/index.php\/257-2\/","title":{"rendered":"Nous contacter"},"content":{"rendered":"\n<div style=\"height:50px\" aria-hidden=\"true\" class=\"wp-block-spacer\"><\/div>\n\n\n\n<div class=\"wp-block-columns are-vertically-aligned-top is-layout-flex wp-container-core-columns-is-layout-9d6595d7 wp-block-columns-is-layout-flex\">\n<div class=\"wp-block-column is-vertically-aligned-top is-layout-flow wp-block-column-is-layout-flow\">\n<p class=\"has-text-color has-large-font-size\" style=\"color:#09838e\"><strong>Envie de r\u00e9server le logement ? Envoyez moi un message ici :<\/strong><\/p>\n\n\n\n<p class=\"has-text-color has-large-font-size\" style=\"color:#09838e\">Vous pouvez aussi me joindre au 06.16.29.29.06<\/p>\n<\/div>\n\n\n\n<div class=\"wp-block-column is-vertically-aligned-top is-layout-flow wp-block-column-is-layout-flow\"><div class=\"wpforms-container wpforms-container-full\" id=\"wpforms-290\"><form id=\"wpforms-form-290\" class=\"wpforms-validate wpforms-form wpforms-ajax-form\" data-formid=\"290\" method=\"post\" enctype=\"multipart\/form-data\" action=\"\/index.php\/wp-json\/wp\/v2\/pages\/257\" data-token=\"4945d1f64c755b202c52dcda97e5782f\" data-token-time=\"1776519247\"><noscript class=\"wpforms-error-noscript\">Veuillez activer JavaScript dans votre navigateur pour remplir ce formulaire.<\/noscript><div class=\"wpforms-field-container\"><div id=\"wpforms-290-field_0-container\" class=\"wpforms-field wpforms-field-name\" data-field-id=\"0\"><label class=\"wpforms-field-label\">Coordonn\u00e9es <span class=\"wpforms-required-label\">*<\/span><\/label><div class=\"wpforms-field-row wpforms-field-medium\"><div class=\"wpforms-field-row-block wpforms-first wpforms-one-half\"><input type=\"text\" id=\"wpforms-290-field_0\" class=\"wpforms-field-name-first wpforms-field-required\" name=\"wpforms[fields][0][first]\" required><label for=\"wpforms-290-field_0\" class=\"wpforms-field-sublabel after\">Pr\u00e9nom<\/label><\/div><div class=\"wpforms-field-row-block wpforms-one-half\"><input type=\"text\" id=\"wpforms-290-field_0-last\" class=\"wpforms-field-name-last wpforms-field-required\" name=\"wpforms[fields][0][last]\" required><label for=\"wpforms-290-field_0-last\" class=\"wpforms-field-sublabel after\">Nom<\/label><\/div><\/div><\/div><div id=\"wpforms-290-field_1-container\" class=\"wpforms-field wpforms-field-email\" data-field-id=\"1\"><label class=\"wpforms-field-label\" for=\"wpforms-290-field_1\">Email <span class=\"wpforms-required-label\">*<\/span><\/label><input type=\"email\" id=\"wpforms-290-field_1\" class=\"wpforms-field-medium wpforms-field-required\" name=\"wpforms[fields][1]\" spellcheck=\"false\" required><\/div><div id=\"wpforms-290-field_4-container\" class=\"wpforms-field wpforms-field-text\" data-field-id=\"4\"><label class=\"wpforms-field-label\" for=\"wpforms-290-field_4\">T\u00e9l\u00e9phone<\/label><input type=\"text\" id=\"wpforms-290-field_4\" class=\"wpforms-field-medium\" name=\"wpforms[fields][4]\" ><\/div><div id=\"wpforms-290-field_2-container\" class=\"wpforms-field wpforms-field-textarea\" data-field-id=\"2\"><label class=\"wpforms-field-label\" for=\"wpforms-290-field_2\">Votre message <span class=\"wpforms-required-label\">*<\/span><\/label><textarea id=\"wpforms-290-field_2\" class=\"wpforms-field-medium wpforms-field-required\" name=\"wpforms[fields][2]\" required><\/textarea><\/div><\/div><!-- .wpforms-field-container --><div class=\"wpforms-recaptcha-container wpforms-is-hcaptcha\" ><div class=\"g-recaptcha\" data-sitekey=\"f9b4a32b-691b-4a01-a688-c24c1b20e107\"><\/div><input type=\"text\" name=\"g-recaptcha-hidden\" class=\"wpforms-recaptcha-hidden\" style=\"position:absolute!important;clip:rect(0,0,0,0)!important;height:1px!important;width:1px!important;border:0!important;overflow:hidden!important;padding:0!important;margin:0!important;\" data-rule-hcaptcha=\"1\"><\/div><div class=\"wpforms-submit-container\" ><input type=\"hidden\" name=\"wpforms[id]\" value=\"290\"><input type=\"hidden\" name=\"page_title\" value=\"\"><input type=\"hidden\" name=\"page_url\" value=\"https:\/\/location-plouharnel.fr\/index.php\/wp-json\/wp\/v2\/pages\/257\"><input type=\"hidden\" name=\"url_referer\" value=\"\"><button type=\"submit\" name=\"wpforms[submit]\" id=\"wpforms-submit-290\" class=\"wpforms-submit\" data-alt-text=\"Envoi en cours...\" data-submit-text=\"Confirmer\" aria-live=\"assertive\" value=\"wpforms-submit\">Confirmer<\/button><img loading=\"lazy\" decoding=\"async\" src=\"https:\/\/location-plouharnel.fr\/wp-content\/plugins\/wpforms-lite\/assets\/images\/submit-spin.svg\" class=\"wpforms-submit-spinner\" style=\"display: none;\" width=\"26\" height=\"26\" alt=\"Chargement en cours\"><\/div><\/form><\/div>  <!-- .wpforms-container -->\n<\/div>\n<\/div>\n","protected":false},"excerpt":{"rendered":"<p>Envie de r\u00e9server le logement ? Envoyez moi un message ici : Vous pouvez aussi me joindre au 06.16.29.29.06<\/p>\n","protected":false},"author":1,"featured_media":0,"parent":0,"menu_order":0,"comment_status":"closed","ping_status":"closed","template":"","meta":{"_acf_changed":false,"_uag_custom_page_level_css":"","footnotes":""},"class_list":["post-257","page","type-page","status-publish"],"acf":[],"yoast_head":"<!-- This site is optimized with the Yoast SEO plugin v25.0 - https:\/\/yoast.com\/wordpress\/plugins\/seo\/ -->\n<title>Nous contacter - Grain de Swell<\/title>\n<meta name=\"description\" content=\"Vous pouvez me contacter par mail ou par t\u00e9l\u00e9phone pour r\u00e9server votre s\u00e9jour dans le logement.\" \/>\n<meta name=\"robots\" content=\"index, follow, max-snippet:-1, max-image-preview:large, max-video-preview:-1\" \/>\n<link rel=\"canonical\" href=\"https:\/\/location-plouharnel.fr\/index.php\/257-2\/\" \/>\n<meta property=\"og:locale\" content=\"fr_FR\" \/>\n<meta property=\"og:type\" content=\"article\" \/>\n<meta property=\"og:title\" content=\"Nous contacter - Grain de Swell\" \/>\n<meta property=\"og:description\" content=\"Vous pouvez me contacter par mail ou par t\u00e9l\u00e9phone pour r\u00e9server votre s\u00e9jour dans le logement.\" \/>\n<meta property=\"og:url\" content=\"https:\/\/location-plouharnel.fr\/index.php\/257-2\/\" \/>\n<meta property=\"og:site_name\" content=\"Grain de Swell\" \/>\n<meta property=\"article:modified_time\" content=\"2022-03-18T10:37:58+00:00\" \/>\n<meta name=\"twitter:card\" content=\"summary_large_image\" \/>\n<meta name=\"twitter:label1\" content=\"Dur\u00e9e de lecture estim\u00e9e\" \/>\n\t<meta name=\"twitter:data1\" content=\"1 minute\" \/>\n<script type=\"application\/ld+json\" class=\"yoast-schema-graph\">{\"@context\":\"https:\/\/schema.org\",\"@graph\":[{\"@type\":\"WebPage\",\"@id\":\"https:\/\/location-plouharnel.fr\/index.php\/257-2\/\",\"url\":\"https:\/\/location-plouharnel.fr\/index.php\/257-2\/\",\"name\":\"Nous contacter - Grain de Swell\",\"isPartOf\":{\"@id\":\"https:\/\/location-plouharnel.fr\/#website\"},\"datePublished\":\"2022-03-16T15:42:55+00:00\",\"dateModified\":\"2022-03-18T10:37:58+00:00\",\"description\":\"Vous pouvez me contacter par mail ou par t\u00e9l\u00e9phone pour r\u00e9server votre s\u00e9jour dans le logement.\",\"breadcrumb\":{\"@id\":\"https:\/\/location-plouharnel.fr\/index.php\/257-2\/#breadcrumb\"},\"inLanguage\":\"fr-FR\",\"potentialAction\":[{\"@type\":\"ReadAction\",\"target\":[\"https:\/\/location-plouharnel.fr\/index.php\/257-2\/\"]}]},{\"@type\":\"BreadcrumbList\",\"@id\":\"https:\/\/location-plouharnel.fr\/index.php\/257-2\/#breadcrumb\",\"itemListElement\":[{\"@type\":\"ListItem\",\"position\":1,\"name\":\"Accueil\",\"item\":\"https:\/\/location-plouharnel.fr\/\"},{\"@type\":\"ListItem\",\"position\":2,\"name\":\"Nous contacter\"}]},{\"@type\":\"WebSite\",\"@id\":\"https:\/\/location-plouharnel.fr\/#website\",\"url\":\"https:\/\/location-plouharnel.fr\/\",\"name\":\"Grain de Swell\",\"description\":\"\",\"publisher\":{\"@id\":\"https:\/\/location-plouharnel.fr\/#organization\"},\"potentialAction\":[{\"@type\":\"SearchAction\",\"target\":{\"@type\":\"EntryPoint\",\"urlTemplate\":\"https:\/\/location-plouharnel.fr\/?s={search_term_string}\"},\"query-input\":{\"@type\":\"PropertyValueSpecification\",\"valueRequired\":true,\"valueName\":\"search_term_string\"}}],\"inLanguage\":\"fr-FR\"},{\"@type\":\"Organization\",\"@id\":\"https:\/\/location-plouharnel.fr\/#organization\",\"name\":\"Grain de Swell\",\"url\":\"https:\/\/location-plouharnel.fr\/\",\"logo\":{\"@type\":\"ImageObject\",\"inLanguage\":\"fr-FR\",\"@id\":\"https:\/\/location-plouharnel.fr\/#\/schema\/logo\/image\/\",\"url\":\"https:\/\/location-plouharnel.fr\/wp-content\/uploads\/2022\/10\/cropped-logo-grain-de-swell.png\",\"contentUrl\":\"https:\/\/location-plouharnel.fr\/wp-content\/uploads\/2022\/10\/cropped-logo-grain-de-swell.png\",\"width\":6300,\"height\":3203,\"caption\":\"Grain de Swell\"},\"image\":{\"@id\":\"https:\/\/location-plouharnel.fr\/#\/schema\/logo\/image\/\"}}]}<\/script>\n<!-- \/ Yoast SEO plugin. -->","yoast_head_json":{"title":"Nous contacter - Grain de Swell","description":"Vous pouvez me contacter par mail ou par t\u00e9l\u00e9phone pour r\u00e9server votre s\u00e9jour dans le logement.","robots":{"index":"index","follow":"follow","max-snippet":"max-snippet:-1","max-image-preview":"max-image-preview:large","max-video-preview":"max-video-preview:-1"},"canonical":"https:\/\/location-plouharnel.fr\/index.php\/257-2\/","og_locale":"fr_FR","og_type":"article","og_title":"Nous contacter - Grain de Swell","og_description":"Vous pouvez me contacter par mail ou par t\u00e9l\u00e9phone pour r\u00e9server votre s\u00e9jour dans le logement.","og_url":"https:\/\/location-plouharnel.fr\/index.php\/257-2\/","og_site_name":"Grain de Swell","article_modified_time":"2022-03-18T10:37:58+00:00","twitter_card":"summary_large_image","twitter_misc":{"Dur\u00e9e de lecture estim\u00e9e":"1 minute"},"schema":{"@context":"https:\/\/schema.org","@graph":[{"@type":"WebPage","@id":"https:\/\/location-plouharnel.fr\/index.php\/257-2\/","url":"https:\/\/location-plouharnel.fr\/index.php\/257-2\/","name":"Nous contacter - Grain de Swell","isPartOf":{"@id":"https:\/\/location-plouharnel.fr\/#website"},"datePublished":"2022-03-16T15:42:55+00:00","dateModified":"2022-03-18T10:37:58+00:00","description":"Vous pouvez me contacter par mail ou par t\u00e9l\u00e9phone pour r\u00e9server votre s\u00e9jour dans le logement.","breadcrumb":{"@id":"https:\/\/location-plouharnel.fr\/index.php\/257-2\/#breadcrumb"},"inLanguage":"fr-FR","potentialAction":[{"@type":"ReadAction","target":["https:\/\/location-plouharnel.fr\/index.php\/257-2\/"]}]},{"@type":"BreadcrumbList","@id":"https:\/\/location-plouharnel.fr\/index.php\/257-2\/#breadcrumb","itemListElement":[{"@type":"ListItem","position":1,"name":"Accueil","item":"https:\/\/location-plouharnel.fr\/"},{"@type":"ListItem","position":2,"name":"Nous contacter"}]},{"@type":"WebSite","@id":"https:\/\/location-plouharnel.fr\/#website","url":"https:\/\/location-plouharnel.fr\/","name":"Grain de Swell","description":"","publisher":{"@id":"https:\/\/location-plouharnel.fr\/#organization"},"potentialAction":[{"@type":"SearchAction","target":{"@type":"EntryPoint","urlTemplate":"https:\/\/location-plouharnel.fr\/?s={search_term_string}"},"query-input":{"@type":"PropertyValueSpecification","valueRequired":true,"valueName":"search_term_string"}}],"inLanguage":"fr-FR"},{"@type":"Organization","@id":"https:\/\/location-plouharnel.fr\/#organization","name":"Grain de Swell","url":"https:\/\/location-plouharnel.fr\/","logo":{"@type":"ImageObject","inLanguage":"fr-FR","@id":"https:\/\/location-plouharnel.fr\/#\/schema\/logo\/image\/","url":"https:\/\/location-plouharnel.fr\/wp-content\/uploads\/2022\/10\/cropped-logo-grain-de-swell.png","contentUrl":"https:\/\/location-plouharnel.fr\/wp-content\/uploads\/2022\/10\/cropped-logo-grain-de-swell.png","width":6300,"height":3203,"caption":"Grain de Swell"},"image":{"@id":"https:\/\/location-plouharnel.fr\/#\/schema\/logo\/image\/"}}]}},"uagb_featured_image_src":{"full":false,"thumbnail":false,"medium":false,"medium_large":false,"large":false,"1536x1536":false,"2048x2048":false},"uagb_author_info":{"display_name":"admin2977","author_link":"https:\/\/location-plouharnel.fr\/index.php\/author\/admin2977\/"},"uagb_comment_info":0,"uagb_excerpt":"Envie de r\u00e9server le logement ? Envoyez moi un message ici : Vous pouvez aussi me joindre au 06.16.29.29.06","_links":{"self":[{"href":"https:\/\/location-plouharnel.fr\/index.php\/wp-json\/wp\/v2\/pages\/257","targetHints":{"allow":["GET"]}}],"collection":[{"href":"https:\/\/location-plouharnel.fr\/index.php\/wp-json\/wp\/v2\/pages"}],"about":[{"href":"https:\/\/location-plouharnel.fr\/index.php\/wp-json\/wp\/v2\/types\/page"}],"author":[{"embeddable":true,"href":"https:\/\/location-plouharnel.fr\/index.php\/wp-json\/wp\/v2\/users\/1"}],"replies":[{"embeddable":true,"href":"https:\/\/location-plouharnel.fr\/index.php\/wp-json\/wp\/v2\/comments?post=257"}],"version-history":[{"count":12,"href":"https:\/\/location-plouharnel.fr\/index.php\/wp-json\/wp\/v2\/pages\/257\/revisions"}],"predecessor-version":[{"id":292,"href":"https:\/\/location-plouharnel.fr\/index.php\/wp-json\/wp\/v2\/pages\/257\/revisions\/292"}],"wp:attachment":[{"href":"https:\/\/location-plouharnel.fr\/index.php\/wp-json\/wp\/v2\/media?parent=257"}],"curies":[{"name":"wp","href":"https:\/\/api.w.org\/{rel}","templated":true}]}}